{"id":33,"date":"2018-07-31T19:12:17","date_gmt":"2018-07-31T19:12:17","guid":{"rendered":"http:\/\/appserver.xadglobal.com\/ame\/?page_id=33"},"modified":"2019-03-12T19:44:15","modified_gmt":"2019-03-12T19:44:15","slug":"inicio","status":"publish","type":"page","link":"https:\/\/www.ameinternacional.com\/","title":{"rendered":"\u00bfQuienes somos?"},"content":{"rendered":"<p>[vc_row 0=\u00bb\u00bb][vc_column 0=\u00bb\u00bb][vc_gallery interval=\u00bb0&#8243; images=\u00bb223&#8243; img_size=\u00bbmedium\u00bb][vc_column_text 0=\u00bb\u00bb]<\/p>\n<h1><strong>Apoyo M\u00e9dico de Emergencias<\/strong><\/h1>\n<p style=\"text-align: left;\"><strong>AME INTERNACIONAL<\/strong> es una instituci\u00f3n de asistencia social de car\u00e1cter voluntario. Principalmente, llevando a cabo varios proyectos en los cuales se incluye respuesta y atenci\u00f3n de diversas emergencias civiles privadas e industriales, asesor\u00eda y asistencia a grupos de emergencia nacional e internacional entre otras.<\/p>\n<p style=\"text-align: left;\">Nuestra instituci\u00f3n actualmente realiza convenios e intercambios acad\u00e9micos y de acreditaci\u00f3n con Instituciones de los Estados Unidos de Norteam\u00e9rica, Puerto Rico y Argentina.<\/p>\n<p>[\/vc_column_text][\/vc_column][\/vc_row][vc_row 0=\u00bb\u00bb][vc_column 0=\u00bb\u00bb][vc_column_text 0=\u00bb\u00bb]<\/p>\n<h2><strong>SERVICIOS QUE OFRECEMOS<\/strong><\/h2>\n<ul>\n<li>Capacitaci\u00f3n para tu empresa<\/li>\n<li>Respuesta a Emergencias M\u00e9dicas<\/li>\n<li>Respuesta a emergencias con Materiales Peligrosos<\/li>\n<li>Rescate en Espacios Confinados<\/li>\n<li>Rescate vehicular<\/li>\n<li>Rescate Industrial<\/li>\n<li>Rescate vertical<\/li>\n<li>Prevenci\u00f3n<\/li>\n<li>Combate y Extinci\u00f3n de Incendios<\/li>\n<li>Traslado terrestre de pacientes. Ambulancia nivel b\u00e1sica y de cuidados avanzados.<\/li>\n<li>Atenci\u00f3n de pacientes contaminados con sustancias qu\u00edmicas.<\/li>\n<li>Atenci\u00f3n M\u00e9dica.<\/li>\n<\/ul>\n<p>[\/vc_column_text][\/vc_column][\/vc_row][vc_row 0=\u00bb\u00bb][vc_column 0=\u00bb\u00bb][vc_gallery interval=\u00bb3&#8243; images=\u00bb156&#8243; img_size=\u00bbmedium\u00bb][\/vc_column][\/vc_row][vc_row 0=\u00bb\u00bb][vc_column 0=\u00bb\u00bb][vc_gallery interval=\u00bb3&#8243; images=\u00bb149&#8243; img_size=\u00bbmedium\u00bb][\/vc_column][\/vc_row]<\/p>\n","protected":false},"excerpt":{"rendered":"<p>[vc_row 0=\u00bb\u00bb][vc_column 0=\u00bb\u00bb][vc_gallery interval=\u00bb0&#8243; images=\u00bb223&#8243; img_size=\u00bbmedium\u00bb][vc_column_text 0=\u00bb\u00bb] Apoyo M\u00e9dico de Emergencias AME INTERNACIONAL es una instituci\u00f3n de asistencia social de car\u00e1cter voluntario. Principalmente, llevando a cabo varios proyectos en los cuales se incluye respuesta y atenci\u00f3n de diversas emergencias civiles privadas e industriales, asesor\u00eda y asistencia a grupos de emergencia nacional e internacional entre otras. &hellip; <\/p>\n<p class=\"link-more\"><a href=\"https:\/\/www.ameinternacional.com\/\" class=\"more-link\">Continuar leyendo<span class=\"screen-reader-text\"> \u00ab\u00bfQuienes somos?\u00bb<\/span><\/a><\/p>\n","protected":false},"author":1,"featured_media":0,"parent":0,"menu_order":0,"comment_status":"closed","ping_status":"closed","template":"","meta":[],"_links":{"self":[{"href":"https:\/\/www.ameinternacional.com\/index.php?rest_route=\/wp\/v2\/pages\/33"}],"collection":[{"href":"https:\/\/www.ameinternacional.com\/index.php?rest_route=\/wp\/v2\/pages"}],"about":[{"href":"https:\/\/www.ameinternacional.com\/index.php?rest_route=\/wp\/v2\/types\/page"}],"author":[{"embeddable":true,"href":"https:\/\/www.ameinternacional.com\/index.php?rest_route=\/wp\/v2\/users\/1"}],"replies":[{"embeddable":true,"href":"https:\/\/www.ameinternacional.com\/index.php?rest_route=%2Fwp%2Fv2%2Fcomments&post=33"}],"version-history":[{"count":15,"href":"https:\/\/www.ameinternacional.com\/index.php?rest_route=\/wp\/v2\/pages\/33\/revisions"}],"predecessor-version":[{"id":312,"href":"https:\/\/www.ameinternacional.com\/index.php?rest_route=\/wp\/v2\/pages\/33\/revisions\/312"}],"wp:attachment":[{"href":"https:\/\/www.ameinternacional.com\/index.php?rest_route=%2Fwp%2Fv2%2Fmedia&parent=33"}],"curies":[{"name":"wp","href":"https:\/\/api.w.org\/{rel}","templated":true}]}}